{"id":241,"date":"2021-01-13T23:44:07","date_gmt":"2021-01-13T23:44:07","guid":{"rendered":"https:\/\/vieiras.pt\/wp\/?page_id=241"},"modified":"2022-02-09T16:22:43","modified_gmt":"2022-02-09T16:22:43","slug":"blocos-macicos","status":"publish","type":"page","link":"https:\/\/vieiras.pt\/wp\/blocos-macicos\/","title":{"rendered":"Blocos maci\u00e7os"},"content":{"rendered":"<div class=\"menu-menuvieiraslda-container\"><ul id=\"menu-menuvieiraslda\" class=\"menu\"><li id=\"menu-item-1093\" class=\"menu-item menu-item-type-post_type menu-item-object-page menu-item-1093\"><a href=\"https:\/\/vieiras.pt\/wp\/vieiras-lda\/\">Vieiras, Lda<\/a><\/li>\n<li id=\"menu-item-612\" class=\"menu-item menu-item-type-custom menu-item-object-custom menu-item-has-children menu-item-612\"><a href=\"#\">Blocos<\/a>\n<ul class=\"sub-menu\">\n\t<li id=\"menu-item-239\" class=\"menu-item menu-item-type-post_type menu-item-object-page menu-item-239\"><a href=\"https:\/\/vieiras.pt\/wp\/blocos-furados\/\">Blocos furados<\/a><\/li>\n\t<li id=\"menu-item-242\" class=\"menu-item menu-item-type-post_type menu-item-object-page menu-item-242\"><a href=\"https:\/\/vieiras.pt\/wp\/blocos-macicos\/\">Blocos maci\u00e7os<\/a><\/li>\n<\/ul>\n<\/li>\n<li id=\"menu-item-616\" class=\"menu-item menu-item-type-custom menu-item-object-custom menu-item-has-children menu-item-616\"><a href=\"#\">Espa\u00e7o Exterior<\/a>\n<ul class=\"sub-menu\">\n\t<li id=\"menu-item-396\" class=\"menu-item menu-item-type-post_type menu-item-object-page menu-item-396\"><a href=\"https:\/\/vieiras.pt\/wp\/lancil\/\">Lancil<\/a><\/li>\n\t<li id=\"menu-item-2186\" class=\"menu-item menu-item-type-post_type menu-item-object-page menu-item-2186\"><a href=\"https:\/\/vieiras.pt\/wp\/bloco-de-contencao\/\">Bloco de Conten\u00e7\u00e3o<\/a><\/li>\n\t<li id=\"menu-item-254\" class=\"menu-item menu-item-type-post_type menu-item-object-page menu-item-254\"><a href=\"https:\/\/vieiras.pt\/wp\/pavimentos\/\">Pavimentos<\/a><\/li>\n\t<li id=\"menu-item-257\" class=\"menu-item menu-item-type-post_type menu-item-object-page menu-item-257\"><a href=\"https:\/\/vieiras.pt\/wp\/mobiliario-urbano\/\">Mobili\u00e1rio Urbano<\/a><\/li>\n<\/ul>\n<\/li>\n<li id=\"menu-item-615\" class=\"menu-item menu-item-type-custom menu-item-object-custom menu-item-has-children menu-item-615\"><a href=\"#\">Saneamento<\/a>\n<ul class=\"sub-menu\">\n\t<li id=\"menu-item-292\" class=\"menu-item menu-item-type-post_type menu-item-object-page menu-item-292\"><a href=\"https:\/\/vieiras.pt\/wp\/meias-canas\/\">Meias Canas<\/a><\/li>\n\t<li id=\"menu-item-295\" class=\"menu-item menu-item-type-post_type menu-item-object-page menu-item-295\"><a href=\"https:\/\/vieiras.pt\/wp\/cupulas\/\">C\u00fapulas<\/a><\/li>\n\t<li id=\"menu-item-286\" class=\"menu-item menu-item-type-post_type menu-item-object-page menu-item-286\"><a href=\"https:\/\/vieiras.pt\/wp\/manilhas-e-tubos\/\">Manilhas e Tubos<\/a><\/li>\n\t<li id=\"menu-item-289\" class=\"menu-item menu-item-type-post_type menu-item-object-page menu-item-289\"><a href=\"https:\/\/vieiras.pt\/wp\/aneis\/\">An\u00e9is<\/a><\/li>\n<\/ul>\n<\/li>\n<li id=\"menu-item-614\" class=\"menu-item menu-item-type-custom menu-item-object-custom menu-item-has-children menu-item-614\"><a href=\"#\">Lajes Aligeiradas<\/a>\n<ul class=\"sub-menu\">\n\t<li id=\"menu-item-313\" class=\"menu-item menu-item-type-post_type menu-item-object-page menu-item-313\"><a href=\"https:\/\/vieiras.pt\/wp\/vigotas-pre-esforcadas\/\">Vigotas Pr\u00e9-esfor\u00e7adas<\/a><\/li>\n\t<li id=\"menu-item-310\" class=\"menu-item menu-item-type-post_type menu-item-object-page menu-item-310\"><a href=\"https:\/\/vieiras.pt\/wp\/vigotas-trelica\/\">Vigotas Treli\u00e7a<\/a><\/li>\n\t<li id=\"menu-item-307\" class=\"menu-item menu-item-type-post_type menu-item-object-page menu-item-307\"><a href=\"https:\/\/vieiras.pt\/wp\/bloco-fungiforme\/\">Bloco Fungiforme<\/a><\/li>\n\t<li id=\"menu-item-304\" class=\"menu-item menu-item-type-post_type menu-item-object-page menu-item-304\"><a href=\"https:\/\/vieiras.pt\/wp\/abodadilhas\/\">Abodadilhas<\/a><\/li>\n<\/ul>\n<\/li>\n<li id=\"menu-item-756\" class=\"menu-item menu-item-type-post_type menu-item-object-page menu-item-756\"><a href=\"https:\/\/vieiras.pt\/wp\/outros\/\">Outros<\/a><\/li>\n<li id=\"menu-item-328\" class=\"menu-item menu-item-type-post_type menu-item-object-page menu-item-328\"><a href=\"https:\/\/vieiras.pt\/wp\/transportes\/\">Transportes<\/a><\/li>\n<li id=\"menu-item-892\" class=\"menu-item menu-item-type-post_type menu-item-object-page menu-item-892\"><a href=\"https:\/\/vieiras.pt\/wp\/catalogos\/\">Cat\u00e1logos<\/a><\/li>\n<li id=\"menu-item-331\" class=\"menu-item menu-item-type-post_type menu-item-object-page menu-item-331\"><a href=\"https:\/\/vieiras.pt\/wp\/portfolio\/\">Portf\u00f3lio<\/a><\/li>\n<\/ul><\/div>\n\n\n\n<p><strong>Aplica\u00e7\u00f5es:<\/strong>\u00a0Blocos de alvenaria de uso corrente, revestida ou com faces \u00e0 vista, n\u00e3o estrutural, aplicada em edif\u00edcios ou obras de engenharia civil, nomeadamente em paredes simples, paredes duplas e paredes divis\u00f3rias.<br><br><strong>Norma harmonizada: <\/strong>EN 771-3:2011+A1:2015\u00a0\u00a0\u00a0<br><br><strong>Certifica\u00e7\u00e3o: <\/strong><a href=\"https:\/\/vieiras.pt\/wp\/wp-content\/uploads\/docs\/certificadosprodutos.pdf\">Certificado n.\u00ba 1515-CPR-0415<\/a> (sistema 2+), emitido pela eiC \u2013 Empresa Internacional de Certifica\u00e7\u00e3o, organismo notificado n.\u00ba 1515.<br><br><\/p>\n\n\n\n<figure class=\"wp-block-gallery has-nested-images columns-4 is-cropped\">\n<figure class=\"wp-block-image size-large is-style-default\"><img loading=\"lazy\" width=\"631\" height=\"487\" data-id=\"529\"  src=\"https:\/\/vieiras.pt\/wp\/wp-content\/uploads\/2021\/02\/8x20x50.jpg\" alt=\"\" class=\"wp-image-529\" srcset=\"https:\/\/vieiras.pt\/wp\/wp-content\/uploads\/2021\/02\/8x20x50.jpg 631w, https:\/\/vieiras.pt\/wp\/wp-content\/uploads\/2021\/02\/8x20x50-300x232.jpg 300w\" sizes=\"(max-width: 631px) 100vw, 631px\" \/><figcaption>8x20x50<\/figcaption><\/figure>\n\n\n\n<figure class=\"wp-block-image size-large is-style-default\"><img loading=\"lazy\" width=\"650\" height=\"577\" data-id=\"530\"  src=\"https:\/\/vieiras.pt\/wp\/wp-content\/uploads\/2021\/02\/10X20X40.jpg\" alt=\"\" class=\"wp-image-530\" srcset=\"https:\/\/vieiras.pt\/wp\/wp-content\/uploads\/2021\/02\/10X20X40.jpg 650w, https:\/\/vieiras.pt\/wp\/wp-content\/uploads\/2021\/02\/10X20X40-300x266.jpg 300w\" sizes=\"(max-width: 650px) 100vw, 650px\" \/><figcaption>10x20x40<\/figcaption><\/figure>\n\n\n\n<figure class=\"wp-block-image size-large is-style-default\"><img loading=\"lazy\" width=\"657\" height=\"573\" data-id=\"531\"  src=\"https:\/\/vieiras.pt\/wp\/wp-content\/uploads\/2021\/02\/15X20X40.jpg\" alt=\"\" class=\"wp-image-531\" srcset=\"https:\/\/vieiras.pt\/wp\/wp-content\/uploads\/2021\/02\/15X20X40.jpg 657w, https:\/\/vieiras.pt\/wp\/wp-content\/uploads\/2021\/02\/15X20X40-300x262.jpg 300w\" sizes=\"(max-width: 657px) 100vw, 657px\" \/><figcaption>15x20x40<\/figcaption><\/figure>\n\n\n\n<figure class=\"wp-block-image size-large is-style-default\"><img loading=\"lazy\" width=\"651\" height=\"558\" data-id=\"532\"  src=\"https:\/\/vieiras.pt\/wp\/wp-content\/uploads\/2021\/02\/20X20X40.jpg\" alt=\"\" class=\"wp-image-532\" srcset=\"https:\/\/vieiras.pt\/wp\/wp-content\/uploads\/2021\/02\/20X20X40.jpg 651w, https:\/\/vieiras.pt\/wp\/wp-content\/uploads\/2021\/02\/20X20X40-300x257.jpg 300w\" sizes=\"(max-width: 651px) 100vw, 651px\" \/><figcaption>20x20x40<\/figcaption><\/figure>\n<figcaption class=\"blocks-gallery-caption\"><br><\/figcaption><\/figure>\n\n\n\n<p><strong>Caracter\u00edsticas dimensionais:<\/strong><\/p>\n\n\n\n<figure class=\"wp-block-table is-style-stripes\"><table><tbody><tr><td><strong>Designa\u00e7\u00e3o Comercial<\/strong><\/td><td class=\"has-text-align-center\" data-align=\"center\"><strong>Dimens\u00f5es (cm)<br>(Larg. | Alt. | Comp)<\/strong><\/td><td class=\"has-text-align-center\" data-align=\"center\"><strong>Peso (Kg\/Un)<\/strong><\/td><td class=\"has-text-align-center\" data-align=\"center\"><strong>Un\/m<sup>2<\/sup><\/strong><\/td><td class=\"has-text-align-center\" data-align=\"center\"><strong>Un\/Palete <\/strong><\/td><td class=\"has-text-align-center\" data-align=\"center\"><strong>kg\/Palete<\/strong><\/td><\/tr><tr><td>Bloco 8x20x50<\/td><td class=\"has-text-align-center\" data-align=\"center\">8x20x50<\/td><td class=\"has-text-align-center\" data-align=\"center\">13<\/td><td class=\"has-text-align-center\" data-align=\"center\">12,5<\/td><td class=\"has-text-align-center\" data-align=\"center\">132<\/td><td class=\"has-text-align-center\" data-align=\"center\">1700<\/td><\/tr><tr><td>Bloco 10x20x40<\/td><td class=\"has-text-align-center\" data-align=\"center\">10x20x40<\/td><td class=\"has-text-align-center\" data-align=\"center\">12<\/td><td class=\"has-text-align-center\" data-align=\"center\">10<\/td><td class=\"has-text-align-center\" data-align=\"center\">120<\/td><td class=\"has-text-align-center\" data-align=\"center\">1440<\/td><\/tr><tr><td>Bloco 15x20x40<\/td><td class=\"has-text-align-center\" data-align=\"center\">15x20x40<\/td><td class=\"has-text-align-center\" data-align=\"center\">17,5<\/td><td class=\"has-text-align-center\" data-align=\"center\">10<\/td><td class=\"has-text-align-center\" data-align=\"center\">84<\/td><td class=\"has-text-align-center\" data-align=\"center\">1470<\/td><\/tr><tr><td>Bloco 20x20x40<\/td><td class=\"has-text-align-center\" data-align=\"center\">20x20x40<\/td><td class=\"has-text-align-center\" data-align=\"center\">23<\/td><td class=\"has-text-align-center\" data-align=\"center\">10<\/td><td class=\"has-text-align-center\" data-align=\"center\">72<\/td><td class=\"has-text-align-center\" data-align=\"center\">1656<\/td><\/tr><\/tbody><\/table><\/figure>\n","protected":false},"excerpt":{"rendered":"<p>Aplica\u00e7\u00f5es:\u00a0Blocos de alvenaria de uso corrente, revestida ou com faces \u00e0 vista, n\u00e3o estrutural, aplicada em edif\u00edcios ou obras de engenharia civil, nomeadamente em paredes simples, paredes duplas e paredes divis\u00f3rias. Norma harmonizada: EN 771-3:2011+A1:2015\u00a0\u00a0\u00a0 Certifica\u00e7\u00e3o: Certificado n.\u00ba 1515-CPR-0415 (sistema 2+), emitido pela eiC \u2013 Empresa Internacional de Certifica\u00e7\u00e3o, organismo notificado n.\u00ba 1515. Caracter\u00edsticas dimensionais: [&hellip;]<\/p>\n","protected":false},"author":1,"featured_media":0,"parent":0,"menu_order":0,"comment_status":"closed","ping_status":"closed","template":"","meta":[],"_links":{"self":[{"href":"https:\/\/vieiras.pt\/wp\/wp-json\/wp\/v2\/pages\/241"}],"collection":[{"href":"https:\/\/vieiras.pt\/wp\/wp-json\/wp\/v2\/pages"}],"about":[{"href":"https:\/\/vieiras.pt\/wp\/wp-json\/wp\/v2\/types\/page"}],"author":[{"embeddable":true,"href":"https:\/\/vieiras.pt\/wp\/wp-json\/wp\/v2\/users\/1"}],"replies":[{"embeddable":true,"href":"https:\/\/vieiras.pt\/wp\/wp-json\/wp\/v2\/comments?post=241"}],"version-history":[{"count":21,"href":"https:\/\/vieiras.pt\/wp\/wp-json\/wp\/v2\/pages\/241\/revisions"}],"predecessor-version":[{"id":2164,"href":"https:\/\/vieiras.pt\/wp\/wp-json\/wp\/v2\/pages\/241\/revisions\/2164"}],"wp:attachment":[{"href":"https:\/\/vieiras.pt\/wp\/wp-json\/wp\/v2\/media?parent=241"}],"curies":[{"name":"wp","href":"https:\/\/api.w.org\/{rel}","templated":true}]}}