{"id":306,"date":"2021-01-20T18:25:09","date_gmt":"2021-01-20T18:25:09","guid":{"rendered":"https:\/\/vieiras.pt\/wp\/?page_id=306"},"modified":"2022-08-16T17:51:29","modified_gmt":"2022-08-16T17:51:29","slug":"bloco-fungiforme","status":"publish","type":"page","link":"https:\/\/vieiras.pt\/wp\/bloco-fungiforme\/","title":{"rendered":"Bloco Fungiforme"},"content":{"rendered":"<div class=\"menu-menuvieiraslda-container\"><ul id=\"menu-menuvieiraslda\" class=\"menu\"><li id=\"menu-item-1093\" class=\"menu-item menu-item-type-post_type menu-item-object-page menu-item-1093\"><a href=\"https:\/\/vieiras.pt\/wp\/vieiras-lda\/\">Vieiras, Lda<\/a><\/li>\n<li id=\"menu-item-612\" class=\"menu-item menu-item-type-custom menu-item-object-custom menu-item-has-children menu-item-612\"><a href=\"#\">Blocos<\/a>\n<ul class=\"sub-menu\">\n\t<li id=\"menu-item-239\" class=\"menu-item menu-item-type-post_type menu-item-object-page menu-item-239\"><a href=\"https:\/\/vieiras.pt\/wp\/blocos-furados\/\">Blocos furados<\/a><\/li>\n\t<li id=\"menu-item-242\" class=\"menu-item menu-item-type-post_type menu-item-object-page menu-item-242\"><a href=\"https:\/\/vieiras.pt\/wp\/blocos-macicos\/\">Blocos maci\u00e7os<\/a><\/li>\n<\/ul>\n<\/li>\n<li id=\"menu-item-616\" class=\"menu-item menu-item-type-custom menu-item-object-custom menu-item-has-children menu-item-616\"><a href=\"#\">Espa\u00e7o Exterior<\/a>\n<ul class=\"sub-menu\">\n\t<li id=\"menu-item-396\" class=\"menu-item menu-item-type-post_type menu-item-object-page menu-item-396\"><a href=\"https:\/\/vieiras.pt\/wp\/lancil\/\">Lancil<\/a><\/li>\n\t<li id=\"menu-item-2186\" class=\"menu-item menu-item-type-post_type menu-item-object-page menu-item-2186\"><a href=\"https:\/\/vieiras.pt\/wp\/bloco-de-contencao\/\">Bloco de Conten\u00e7\u00e3o<\/a><\/li>\n\t<li id=\"menu-item-254\" class=\"menu-item menu-item-type-post_type menu-item-object-page menu-item-254\"><a href=\"https:\/\/vieiras.pt\/wp\/pavimentos\/\">Pavimentos<\/a><\/li>\n\t<li id=\"menu-item-257\" class=\"menu-item menu-item-type-post_type menu-item-object-page menu-item-257\"><a href=\"https:\/\/vieiras.pt\/wp\/mobiliario-urbano\/\">Mobili\u00e1rio Urbano<\/a><\/li>\n<\/ul>\n<\/li>\n<li id=\"menu-item-615\" class=\"menu-item menu-item-type-custom menu-item-object-custom menu-item-has-children menu-item-615\"><a href=\"#\">Saneamento<\/a>\n<ul class=\"sub-menu\">\n\t<li id=\"menu-item-292\" class=\"menu-item menu-item-type-post_type menu-item-object-page menu-item-292\"><a href=\"https:\/\/vieiras.pt\/wp\/meias-canas\/\">Meias Canas<\/a><\/li>\n\t<li id=\"menu-item-295\" class=\"menu-item menu-item-type-post_type menu-item-object-page menu-item-295\"><a href=\"https:\/\/vieiras.pt\/wp\/cupulas\/\">C\u00fapulas<\/a><\/li>\n\t<li id=\"menu-item-286\" class=\"menu-item menu-item-type-post_type menu-item-object-page menu-item-286\"><a href=\"https:\/\/vieiras.pt\/wp\/manilhas-e-tubos\/\">Manilhas e Tubos<\/a><\/li>\n\t<li id=\"menu-item-289\" class=\"menu-item menu-item-type-post_type menu-item-object-page menu-item-289\"><a href=\"https:\/\/vieiras.pt\/wp\/aneis\/\">An\u00e9is<\/a><\/li>\n<\/ul>\n<\/li>\n<li id=\"menu-item-614\" class=\"menu-item menu-item-type-custom menu-item-object-custom menu-item-has-children menu-item-614\"><a href=\"#\">Lajes Aligeiradas<\/a>\n<ul class=\"sub-menu\">\n\t<li id=\"menu-item-313\" class=\"menu-item menu-item-type-post_type menu-item-object-page menu-item-313\"><a href=\"https:\/\/vieiras.pt\/wp\/vigotas-pre-esforcadas\/\">Vigotas Pr\u00e9-esfor\u00e7adas<\/a><\/li>\n\t<li id=\"menu-item-310\" class=\"menu-item menu-item-type-post_type menu-item-object-page menu-item-310\"><a href=\"https:\/\/vieiras.pt\/wp\/vigotas-trelica\/\">Vigotas Treli\u00e7a<\/a><\/li>\n\t<li id=\"menu-item-307\" class=\"menu-item menu-item-type-post_type menu-item-object-page menu-item-307\"><a href=\"https:\/\/vieiras.pt\/wp\/bloco-fungiforme\/\">Bloco Fungiforme<\/a><\/li>\n\t<li id=\"menu-item-304\" class=\"menu-item menu-item-type-post_type menu-item-object-page menu-item-304\"><a href=\"https:\/\/vieiras.pt\/wp\/abodadilhas\/\">Abodadilhas<\/a><\/li>\n<\/ul>\n<\/li>\n<li id=\"menu-item-756\" class=\"menu-item menu-item-type-post_type menu-item-object-page menu-item-756\"><a href=\"https:\/\/vieiras.pt\/wp\/outros\/\">Outros<\/a><\/li>\n<li id=\"menu-item-328\" class=\"menu-item menu-item-type-post_type menu-item-object-page menu-item-328\"><a href=\"https:\/\/vieiras.pt\/wp\/transportes\/\">Transportes<\/a><\/li>\n<li id=\"menu-item-892\" class=\"menu-item menu-item-type-post_type menu-item-object-page menu-item-892\"><a href=\"https:\/\/vieiras.pt\/wp\/catalogos\/\">Cat\u00e1logos<\/a><\/li>\n<li id=\"menu-item-331\" class=\"menu-item menu-item-type-post_type menu-item-object-page menu-item-331\"><a href=\"https:\/\/vieiras.pt\/wp\/portfolio\/\">Portf\u00f3lio<\/a><\/li>\n<\/ul><\/div>\n\n\n\n<p><strong>Aplica\u00e7\u00f5es:<\/strong><\/p>\n\n\n\n<p>Os blocos fungiformes s\u00e3o utilizados na execu\u00e7\u00e3o de lajes fungiformes&nbsp;aligeiradas nervuradas de edif\u00edcios de habita\u00e7\u00e3o, com\u00e9rcio ou servi\u00e7os, conferindo um significativo aligeiramento&nbsp;\u00e0 estrutura. Apresenta um&nbsp;comportamento s\u00edsmico melhorado&nbsp;quando comparado com as lajes fungiformes maci\u00e7as.<br><br><strong>Norma harmonizada: <\/strong>EN 15037-2:2009+A1:2011<\/p>\n\n\n\n<p><\/p>\n\n\n\n<p><strong>&nbsp;&nbsp;&nbsp;&nbsp;<\/strong><\/p>\n\n\n\n<p><\/p>\n\n\n\n<p><\/p>\n\n\n\n<p><strong>Vantagens:<\/strong><\/p>\n\n\n\n<p>&gt;Reduzido peso pr\u00f3prio\/grande capacidade de aligeiramento;<\/p>\n\n\n\n<p>&gt;Reduzido consumo de bet\u00e3o;<\/p>\n\n\n\n<p>&gt;Reduzido consumo de armaduras;<\/p>\n\n\n\n<p>&gt;Facilidade e rapidez na execu\u00e7\u00e3o de obra;<\/p>\n\n\n\n<p>&gt;Elevada resist\u00eancia ao fogo;<\/p>\n\n\n\n<p>>Economia financeira.<br><br><\/p>\n\n\n\n<div class=\"wp-container-1 wp-block-group\"><div class=\"wp-block-group__inner-container\">\n<figure class=\"wp-block-image size-medium is-resized is-style-default\"><img loading=\"lazy\" src=\"https:\/\/vieiras.pt\/wp\/wp-content\/uploads\/2021\/02\/blocof-300x200.jpg\" alt=\"\" class=\"wp-image-607\" width=\"393\" height=\"262\" srcset=\"https:\/\/vieiras.pt\/wp\/wp-content\/uploads\/2021\/02\/blocof-300x200.jpg 300w, https:\/\/vieiras.pt\/wp\/wp-content\/uploads\/2021\/02\/blocof.jpg 335w\" sizes=\"(max-width: 393px) 100vw, 393px\" \/><\/figure>\n<\/div><\/div>\n\n\n\n<p><strong>Caracter\u00edsticas dimensionais:<\/strong><\/p>\n\n\n\n<figure class=\"wp-block-table is-style-regular\"><table><tbody><tr><td class=\"has-text-align-center\" data-align=\"center\"><strong>Designa\u00e7\u00e3o Comercial<\/strong><\/td><td class=\"has-text-align-center\" data-align=\"center\"><strong>Dimens\u00f5es (cm)<br>(Comp. | Alt. |Larg.)<\/strong><\/td><td class=\"has-text-align-center\" data-align=\"center\"><strong>Peso <br>(Kg\/un)<\/strong><\/td><td class=\"has-text-align-center\" data-align=\"center\"><strong>Un\/Palete<\/strong><\/td><td class=\"has-text-align-center\" data-align=\"center\"><strong>Kg\/Palete<\/strong><\/td><\/tr><tr><td class=\"has-text-align-center\" data-align=\"center\">Fungibloco 30x25x75<\/td><td class=\"has-text-align-center\" data-align=\"center\">75x30x25<\/td><td class=\"has-text-align-center\" data-align=\"center\">35<\/td><td class=\"has-text-align-center\" data-align=\"center\">20<\/td><td class=\"has-text-align-center\" data-align=\"center\">700<\/td><\/tr><\/tbody><\/table><\/figure>\n","protected":false},"excerpt":{"rendered":"<p>Aplica\u00e7\u00f5es: Os blocos fungiformes s\u00e3o utilizados na execu\u00e7\u00e3o de lajes fungiformes&nbsp;aligeiradas nervuradas de edif\u00edcios de habita\u00e7\u00e3o, com\u00e9rcio ou servi\u00e7os, conferindo um significativo aligeiramento&nbsp;\u00e0 estrutura. Apresenta um&nbsp;comportamento s\u00edsmico melhorado&nbsp;quando comparado com as lajes fungiformes maci\u00e7as. Norma harmonizada: EN 15037-2:2009+A1:2011 &nbsp;&nbsp;&nbsp;&nbsp; Vantagens: &gt;Reduzido peso pr\u00f3prio\/grande capacidade de aligeiramento; &gt;Reduzido consumo de bet\u00e3o; &gt;Reduzido consumo de armaduras; &gt;Facilidade [&hellip;]<\/p>\n","protected":false},"author":1,"featured_media":0,"parent":0,"menu_order":0,"comment_status":"closed","ping_status":"closed","template":"","meta":[],"_links":{"self":[{"href":"https:\/\/vieiras.pt\/wp\/wp-json\/wp\/v2\/pages\/306"}],"collection":[{"href":"https:\/\/vieiras.pt\/wp\/wp-json\/wp\/v2\/pages"}],"about":[{"href":"https:\/\/vieiras.pt\/wp\/wp-json\/wp\/v2\/types\/page"}],"author":[{"embeddable":true,"href":"https:\/\/vieiras.pt\/wp\/wp-json\/wp\/v2\/users\/1"}],"replies":[{"embeddable":true,"href":"https:\/\/vieiras.pt\/wp\/wp-json\/wp\/v2\/comments?post=306"}],"version-history":[{"count":22,"href":"https:\/\/vieiras.pt\/wp\/wp-json\/wp\/v2\/pages\/306\/revisions"}],"predecessor-version":[{"id":2220,"href":"https:\/\/vieiras.pt\/wp\/wp-json\/wp\/v2\/pages\/306\/revisions\/2220"}],"wp:attachment":[{"href":"https:\/\/vieiras.pt\/wp\/wp-json\/wp\/v2\/media?parent=306"}],"curies":[{"name":"wp","href":"https:\/\/api.w.org\/{rel}","templated":true}]}}