{"id":630,"date":"2021-02-23T11:13:51","date_gmt":"2021-02-23T11:13:51","guid":{"rendered":"https:\/\/vieiras.pt\/wp\/?page_id=630"},"modified":"2021-06-07T15:22:24","modified_gmt":"2021-06-07T15:22:24","slug":"construcao-engenharia","status":"publish","type":"page","link":"https:\/\/vieiras.pt\/wp\/construcao-engenharia\/","title":{"rendered":"Constru\u00e7\u00e3o &#038; Engenharia"},"content":{"rendered":"<div class=\"menu-menuvieiraslda-container\"><ul id=\"menu-joao-vieira-filhos-lda\" class=\"menu\"><li id=\"menu-item-1094\" class=\"menu-item menu-item-type-post_type menu-item-object-page menu-item-1094\"><a href=\"https:\/\/vieiras.pt\/wp\/joao-vieira-filhos-lda\/\">Jo\u00e3o Vieira &#038; Filhos, Lda<\/a><\/li>\n<li id=\"menu-item-1028\" class=\"menu-item menu-item-type-post_type menu-item-object-page menu-item-1028\"><a href=\"https:\/\/vieiras.pt\/wp\/construcao-engenharia\/\">Constru\u00e7\u00e3o &#038; Engenharia<\/a><\/li>\n<li id=\"menu-item-1162\" class=\"menu-item menu-item-type-post_type menu-item-object-page menu-item-1162\"><a href=\"https:\/\/vieiras.pt\/wp\/carpintaria\/\">Carpintaria<\/a><\/li>\n<li id=\"menu-item-1163\" class=\"menu-item menu-item-type-post_type menu-item-object-page menu-item-1163\"><a href=\"https:\/\/vieiras.pt\/wp\/serralharia-de-aluminios\/\">Serralharia de alum\u00ednios<\/a><\/li>\n<li id=\"menu-item-829\" class=\"menu-item menu-item-type-post_type menu-item-object-page menu-item-829\"><a href=\"https:\/\/vieiras.pt\/wp\/portfolio-jvf\/\">Portf\u00f3lio<\/a><\/li>\n<li id=\"menu-item-828\" class=\"menu-item menu-item-type-post_type menu-item-object-page menu-item-828\"><a href=\"https:\/\/vieiras.pt\/wp\/imoveis-para-venda\/\">Im\u00f3veis para Venda<\/a><\/li>\n<\/ul><\/div>\n\n\n<script type=\"text\/javascript\">\r\ndocument.addEventListener(\"DOMContentLoaded\", function(event) { \r\n\tjQuery( '#slider-pro-3-1165' ).sliderPro({\r\n\t\t\/\/width\r\n\t\t\t\twidth: 1000,\r\n\t\t\t\t\r\n\t\t\/\/height\r\n\t\t\t\theight: 500,\r\n\t\t\t\t\r\n\t\t\/\/auto play\r\n\t\t\t\tautoplay:  true,\r\n\t\tautoplayOnHover: 'none',\r\n\t\t\t\t\t\t\t\tautoplayDelay: 5000,\r\n\t\t\r\n\t\t\r\n\t\tarrows: true,\r\n\t\tbuttons: true,\r\n\t\tsmallSize: 500,\r\n\t\tmediumSize: 1000,\r\n\t\tlargeSize: 3000,\r\n\t\tfade: true,\r\n\t\t\r\n\t\t\/\/thumbnail\r\n\t\tthumbnailArrows: true,\r\n\t\tthumbnailWidth: 120,\r\n\t\tthumbnailHeight: 120,\r\n\t\t\t\t\t\tthumbnailsPosition: 'bottom',\r\n\t\t\t\t\t\tcenterImage: true,\r\n\t\timageScaleMode: 'cover',\r\n\t\tallowScaleUp: true,\r\n\t\t\t\tstartSlide: 0,\r\n\t\tloop: true,\r\n\t\tslideDistance: 5,\r\n\t\tautoplayDirection: 'normal',\r\n\t\ttouchSwipe: true,\r\n\t\tfullScreen: true,\r\n\t});\r\n});\r\n<\/script>\r\n\r\n\t\t<div id=\"slider-pro-3-1165\" class=\"slider-pro\">\r\n\t\t\t<!---- slides div start ---->\r\n\t\t\t<div class=\"sp-slides\">\r\n\t\t\t\t\t\t\t\t\t\t<div class=\"sp-slide\">\r\n\t\t\t\t\t\t\t<img class=\"sp-image\" loading=\"lazy\" alt=\"IMG_5363\" src=\"https:\/\/vieiras.pt\/wp\/wp-content\/plugins\/ultimate-responsive-image-slider\/assets\/css\/images\/blank.gif\" data-src=\"https:\/\/vieiras.pt\/wp\/wp-content\/uploads\/2021\/03\/IMG_5363.jpg\" \/>\r\n\r\n\t\t\t\t\t\t\t\r\n\t\t\t\t\t\t\t\t\t\t\t\t\t<\/div>\r\n\t\t\t\t\t\t\t\t\t\t\t\t<div class=\"sp-slide\">\r\n\t\t\t\t\t\t\t<img class=\"sp-image\" loading=\"lazy\" alt=\"pavilhaocooperativauniaoagricula (5)\" src=\"https:\/\/vieiras.pt\/wp\/wp-content\/plugins\/ultimate-responsive-image-slider\/assets\/css\/images\/blank.gif\" data-src=\"https:\/\/vieiras.pt\/wp\/wp-content\/uploads\/2021\/05\/pavilhaocooperativauniaoagricula-5.jpeg\" \/>\r\n\r\n\t\t\t\t\t\t\t\r\n\t\t\t\t\t\t\t\t\t\t\t\t\t<\/div>\r\n\t\t\t\t\t\t\t\t\t\t\t\t<div class=\"sp-slide\">\r\n\t\t\t\t\t\t\t<img class=\"sp-image\" loading=\"lazy\" alt=\"DSC05385\" src=\"https:\/\/vieiras.pt\/wp\/wp-content\/plugins\/ultimate-responsive-image-slider\/assets\/css\/images\/blank.gif\" data-src=\"https:\/\/vieiras.pt\/wp\/wp-content\/uploads\/2021\/05\/DSC05385.jpg\" \/>\r\n\r\n\t\t\t\t\t\t\t\r\n\t\t\t\t\t\t\t\t\t\t\t\t\t<\/div>\r\n\t\t\t\t\t\t\t\t\t\t\t\t<div class=\"sp-slide\">\r\n\t\t\t\t\t\t\t<img class=\"sp-image\" loading=\"lazy\" alt=\"caldeira_velha\" src=\"https:\/\/vieiras.pt\/wp\/wp-content\/plugins\/ultimate-responsive-image-slider\/assets\/css\/images\/blank.gif\" data-src=\"https:\/\/vieiras.pt\/wp\/wp-content\/uploads\/2021\/05\/caldeira_velha.jpg\" \/>\r\n\r\n\t\t\t\t\t\t\t\r\n\t\t\t\t\t\t\t\t\t\t\t\t\t<\/div>\r\n\t\t\t\t\t\t\t\t\t\t\t\t<div class=\"sp-slide\">\r\n\t\t\t\t\t\t\t<img class=\"sp-image\" loading=\"lazy\" alt=\"HPIM6218\" src=\"https:\/\/vieiras.pt\/wp\/wp-content\/plugins\/ultimate-responsive-image-slider\/assets\/css\/images\/blank.gif\" data-src=\"https:\/\/vieiras.pt\/wp\/wp-content\/uploads\/2021\/05\/HPIM6218.jpg\" \/>\r\n\r\n\t\t\t\t\t\t\t\r\n\t\t\t\t\t\t\t\t\t\t\t\t\t<\/div>\r\n\t\t\t\t\t\t\t\t\t\t\t\t<div class=\"sp-slide\">\r\n\t\t\t\t\t\t\t<img class=\"sp-image\" loading=\"lazy\" alt=\"IMG_2956\" src=\"https:\/\/vieiras.pt\/wp\/wp-content\/plugins\/ultimate-responsive-image-slider\/assets\/css\/images\/blank.gif\" data-src=\"https:\/\/vieiras.pt\/wp\/wp-content\/uploads\/2021\/05\/IMG_2956.jpg\" \/>\r\n\r\n\t\t\t\t\t\t\t\r\n\t\t\t\t\t\t\t\t\t\t\t\t\t<\/div>\r\n\t\t\t\t\t\t\t\t\t\t\t\t<div class=\"sp-slide\">\r\n\t\t\t\t\t\t\t<img class=\"sp-image\" loading=\"lazy\" alt=\"Imagem_001\" src=\"https:\/\/vieiras.pt\/wp\/wp-content\/plugins\/ultimate-responsive-image-slider\/assets\/css\/images\/blank.gif\" data-src=\"https:\/\/vieiras.pt\/wp\/wp-content\/uploads\/2021\/05\/Imagem_001.jpg\" \/>\r\n\r\n\t\t\t\t\t\t\t\r\n\t\t\t\t\t\t\t\t\t\t\t\t\t<\/div>\r\n\t\t\t\t\t\t\t\t\t\t\t\t<div class=\"sp-slide\">\r\n\t\t\t\t\t\t\t<img class=\"sp-image\" loading=\"lazy\" alt=\"IMG_4169\" src=\"https:\/\/vieiras.pt\/wp\/wp-content\/plugins\/ultimate-responsive-image-slider\/assets\/css\/images\/blank.gif\" data-src=\"https:\/\/vieiras.pt\/wp\/wp-content\/uploads\/2021\/05\/IMG_4169.jpg\" \/>\r\n\r\n\t\t\t\t\t\t\t\r\n\t\t\t\t\t\t\t\t\t\t\t\t\t<\/div>\r\n\t\t\t\t\t\t\t\t\t\t\t\t<div class=\"sp-slide\">\r\n\t\t\t\t\t\t\t<img class=\"sp-image\" loading=\"lazy\" alt=\"IMG_4578\" src=\"https:\/\/vieiras.pt\/wp\/wp-content\/plugins\/ultimate-responsive-image-slider\/assets\/css\/images\/blank.gif\" data-src=\"https:\/\/vieiras.pt\/wp\/wp-content\/uploads\/2021\/05\/IMG_4578.jpg\" \/>\r\n\r\n\t\t\t\t\t\t\t\r\n\t\t\t\t\t\t\t\t\t\t\t\t\t<\/div>\r\n\t\t\t\t\t\t\t\t\t\t\t\t<div class=\"sp-slide\">\r\n\t\t\t\t\t\t\t<img class=\"sp-image\" loading=\"lazy\" alt=\"IMG_7532\" src=\"https:\/\/vieiras.pt\/wp\/wp-content\/plugins\/ultimate-responsive-image-slider\/assets\/css\/images\/blank.gif\" data-src=\"https:\/\/vieiras.pt\/wp\/wp-content\/uploads\/2021\/05\/IMG_7532.jpg\" \/>\r\n\r\n\t\t\t\t\t\t\t\r\n\t\t\t\t\t\t\t\t\t\t\t\t\t<\/div>\r\n\t\t\t\t\t\t\t\t\t<\/div>\r\n\t\t\t\r\n\t\t\t<!---- slides div end ---->\r\n\t\t\t\t\t\t<!-- slides thumbnails div end -->\r\n\t\t<\/div>\r\n\t\t<style>\r\n\/* Layout 3 *\/\r\n\/* border *\/\r\n#slider-pro-3-1165 .sp-selected-thumbnail {\r\n\tborder: 4px solid #000000;\r\n}\r\n\r\n\/* font + color *\/\r\n.title-in  {\r\n\tfont-family: Arial !important;\r\n\tcolor: #FFFFFF !important;\r\n\tbackground-color: #000000 !important;\r\n\topacity: 0.7 !important;\r\n}\r\n.desc-in  {\r\n\tfont-family: Arial !important;\r\n\tcolor: #FFFFFF !important;\r\n\tbackground-color: #00000 !important;\r\n\topacity: 0.7 !important;\r\n}\r\n\r\n\/* bullets color *\/\r\n.sp-button  {\r\n\tborder: 2px solid #000000 !important;\r\n}\r\n.sp-selected-button  {\r\n\tbackground-color: #000000 !important;\r\n}\r\n\r\n\/* pointer color - bottom *\/\r\n.sp-selected-thumbnail::before {\r\n\tborder-bottom: 5px solid #000000 !important;\r\n}\r\n.sp-selected-thumbnail::after {\r\n\tborder-bottom: 13px solid #000000 !important;\r\n}\r\n\r\n\/* pointer color - top *\/\r\n\r\n\/* full screen icon *\/\r\n.sp-full-screen-button::before {\r\n    color: #FFFFFF !important;\r\n}\r\n\r\n\/* hover navigation icon color *\/\r\n.sp-next-arrow::after, .sp-next-arrow::before {\r\n\tbackground-color: #FFFFFF !important;\r\n}\r\n.sp-previous-arrow::after, .sp-previous-arrow::before {\r\n\tbackground-color: #FFFFFF !important;\r\n}\r\n\r\n#slider-pro-3-1165 .title-in {\r\n\tcolor: #FFFFFF !important;\r\n\tfont-weight: bolder;\r\n\ttext-align: center;\r\n}\r\n\r\n#slider-pro-3-1165 .title-in-bg {\r\n\tbackground: rgba(255, 255, 255, 0.7); !important;\r\n\twhite-space: unset !important;\r\n\ttransform: initial !important;\r\n\t-webkit-transform: initial !important;\r\n\tfont-size: 14px !important;\r\n}\r\n\r\n#slider-pro-3-1165 .desc-in {\r\n\tcolor: #FFFFFF !important;\r\n\ttext-align: center;\r\n}\r\n#slider-pro-3-1165 .desc-in-bg {\r\n\tbackground: rgba(#00000, 0.7) !important;\r\n\twhite-space: unset !important;\r\n\ttransform: initial !important;\r\n\t-webkit-transform: initial !important;\r\n\tfont-size: 13px !important;\r\n}\r\n\r\n@media (max-width: 640px) {\r\n\t#slider-pro-3-1165 .hide-small-screen {\r\n\t\tdisplay: none;\r\n\t}\r\n}\r\n\r\n@media (max-width: 860px) {\r\n\t#slider-pro-3-1165 .sp-layer {\r\n\t\tfont-size: 18px;\r\n\t}\r\n\t\r\n\t#slider-pro-3-1165 .hide-medium-screen {\r\n\t\tdisplay: none;\r\n\t}\r\n}\r\n.slides-not-found {\r\n\tbackground-color: #a92929;\r\n\tborder-radius: 5px;\r\n\tcolor: #fff;\r\n\tfont-family: initial;\r\n\ttext-align: center;\r\n\tpadding:12px;\r\n}\r\n\/* Custom CSS *\/\r\n<\/style>\r\n\n\n\n\n<p>A<strong>\u00a0Jo\u00e3o Vieira &amp; Filhos, Lda,<\/strong>\u00a0\u00e9 uma empresa que se dedica \u00e0\u00a0<strong>constru\u00e7\u00e3o civil<\/strong>, nomeadamente na \u00e1rea da reabilita\u00e7\u00e3o de edif\u00edcios, constru\u00e7\u00e3o de edif\u00edcios para habita\u00e7\u00e3o, servi\u00e7os e ind\u00fastria. <br><br>A\u00a0<strong>Jo\u00e3o Vieira &amp; Filhos, Lda<\/strong>\u00a0executa obras para entidades privadas e p\u00fablicas, possuindo para o efeito o Alvar\u00e1 de Empreiteiro de Obras P\u00fablicas n.\u00ba 18345 com a Classe 5, de Empreiteiro Geral ou Construtor Geral de Edif\u00edcios de Constru\u00e7\u00e3o Tradicional, conforme consta no alvar\u00e1 emitido pelo IMPIC.<\/p>\n","protected":false},"excerpt":{"rendered":"<p>A\u00a0Jo\u00e3o Vieira &amp; Filhos, Lda,\u00a0\u00e9 uma empresa que se dedica \u00e0\u00a0constru\u00e7\u00e3o civil, nomeadamente na \u00e1rea da reabilita\u00e7\u00e3o de edif\u00edcios, constru\u00e7\u00e3o de edif\u00edcios para habita\u00e7\u00e3o, servi\u00e7os e ind\u00fastria. A\u00a0Jo\u00e3o Vieira &amp; Filhos, Lda\u00a0executa obras para entidades privadas e p\u00fablicas, possuindo para o efeito o Alvar\u00e1 de Empreiteiro de Obras P\u00fablicas n.\u00ba 18345 com a Classe 5, [&hellip;]<\/p>\n","protected":false},"author":1,"featured_media":0,"parent":0,"menu_order":0,"comment_status":"closed","ping_status":"closed","template":"","meta":[],"_links":{"self":[{"href":"https:\/\/vieiras.pt\/wp\/wp-json\/wp\/v2\/pages\/630"}],"collection":[{"href":"https:\/\/vieiras.pt\/wp\/wp-json\/wp\/v2\/pages"}],"about":[{"href":"https:\/\/vieiras.pt\/wp\/wp-json\/wp\/v2\/types\/page"}],"author":[{"embeddable":true,"href":"https:\/\/vieiras.pt\/wp\/wp-json\/wp\/v2\/users\/1"}],"replies":[{"embeddable":true,"href":"https:\/\/vieiras.pt\/wp\/wp-json\/wp\/v2\/comments?post=630"}],"version-history":[{"count":11,"href":"https:\/\/vieiras.pt\/wp\/wp-json\/wp\/v2\/pages\/630\/revisions"}],"predecessor-version":[{"id":1598,"href":"https:\/\/vieiras.pt\/wp\/wp-json\/wp\/v2\/pages\/630\/revisions\/1598"}],"wp:attachment":[{"href":"https:\/\/vieiras.pt\/wp\/wp-json\/wp\/v2\/media?parent=630"}],"curies":[{"name":"wp","href":"https:\/\/api.w.org\/{rel}","templated":true}]}}